{"id":72,"date":"2018-01-05T11:03:28","date_gmt":"2018-01-05T11:03:28","guid":{"rendered":"http:\/\/rakousko.mh370.cz\/pokoje\/"},"modified":"2018-01-20T09:40:47","modified_gmt":"2018-01-20T09:40:47","slug":"zimmer","status":"publish","type":"page","link":"https:\/\/www.hodinovyhotelbrno.cz\/de\/zimmer\/","title":{"rendered":"Zimmer"},"content":{"rendered":"<p>In unserer neu errichteten und familiengef\u00fchrten Fr\u00fchst\u00fcckspension Laa Natura im Weinviertel finden Sie zehn gem\u00fctliche und modern ausgestattete Zimmer. Alle unsere Zimmer sind modern eingerichtet und mit einem Bad mit extra WC sowie Balkon\/Terrasse ausgestattet.<\/p>\n<h2>Bestens ausgestattete Doppel- und Familienzimmer<\/h2>\n<p>Wir bieten Ihnen neben sieben Doppelzimmern (25 m\u00b2), zwei Superior-Zimmern (25 m\u00b2)mit Whirlpool oder als Familienaufenthalt auch ein 4-Bett-Zimmer (43 m\u00b2) mit zwei getrennten Zimmern. F\u00fcr die Kleinsten stellen wir gerne ein Gitterbett bereit.<\/p>\n<p>Unsere Zimmer im Erdgeschoss verf\u00fcgen \u00fcber eine Terrasse, jene im Obergeschoss \u00fcber einen Balkon.<\/p>\n<h2>Barrierefreies Zimmer<\/h2>\n<p>Auf Wunsch k\u00f6nnen Sie auch unser komplett barrierefreies, rollstuhlgerechtes Zimmer w\u00e4hlen. Im Badezimmer finden Sie ein niedriges Waschbecken, eine barrierefreie Dusche sowie einen Haltegriff bei der Toilette.<\/p>\n<h2>Moderne und komfortable Zimmerausstattung<\/h2>\n<p>Hier eine \u00dcbersicht \u00fcber die Standardausstattung unserer Zimmer:<\/p>\n<ul>\n<li>WLAN in allen Zimmern<\/li>\n<li>Haarf\u00f6hn<\/li>\n<li>Badezimmer und WC (getrennte Zimmer)<\/li>\n<li>Badewanne mit Massagefunktion<\/li>\n<li>Kabel-TV<\/li>\n<li>Mini-K\u00fchlschrank<\/li>\n<li>CD-Player<\/li>\n<li>Kosmetikspiegel<\/li>\n<\/ul>\n<h2>Mit Chromotherapie zur\u00fcck auf den richtigen pfad<\/h2>\n<p>Der Herbst und der Winter k\u00f6nnen f\u00fcr manche Menschen etwas erdr\u00fcckend wirken, lange N\u00e4chte, kurze Tage, kaum Sonnenlicht und dann auch noch der Vorweihnachtsstress? Wir sagen hier mal STOP und m\u00f6chten Ihnen etwas zeigen.<\/p>\n<p>Mit Farbtherapie k\u00f6nnen Sie sich helfen. Farben sowie Lichter haben ihren Einfluss auf uns Menschen und unsere Psyche, ein helles Blau beruhigt unser Gem\u00fct, ein Rotes weckt uns auf und wirkt w\u00e4rmend auf uns.<\/p>\n<p>Jedes unserer Schlafzimmer hat eingebaute LED&#8217;s in den B\u00e4dern und unser <b>Superiorzimmer<\/b> auch beim Whirlpool. Sie k\u00f6nnen jede Farbeinstellung die sie m\u00f6chten ganz einfach am Bedienmodul ausw\u00e4hlen. Ob bleibende Farbe oder Wechsel, ob Gr\u00fcn zum harmonisieren ob Gelb um sich wie am Strand zu f\u00fchlen oder Lila um Schutz und Mystik zu genie\u00dfen. Sie haben freie Entscheidung und genie\u00dfen nebenbei den Komfort in unseren Wannen mit Massagefunktion und unserem Whirlpool als non-plus-ultra der Sinnentlastung.<\/p>\n<h2>Doppelzimmer \u201eHARMONY\u201c<\/h2>\n\n\t\t<style type=\"text\/css\">\n\t\t\t#gallery-1 {\n\t\t\t\tmargin: auto;\n\t\t\t}\n\t\t\t#gallery-1 .gallery-item {\n\t\t\t\tfloat: left;\n\t\t\t\tmargin-top: 10px;\n\t\t\t\ttext-align: center;\n\t\t\t\twidth: 33%;\n\t\t\t}\n\t\t\t#gallery-1 img {\n\t\t\t\tborder: 2px solid #cfcfcf;\n\t\t\t}\n\t\t\t#gallery-1 .gallery-caption {\n\t\t\t\tmargin-left: 0;\n\t\t\t}\n\t\t\t\/* see gallery_shortcode() in wp-includes\/media.php *\/\n\t\t<\/style>\n\t\t<div id='gallery-1' class='gallery galleryid-72 gallery-columns-3 gallery-size-medium'><dl class='gallery-item'>\n\t\t\t<dt class='gallery-icon landscape'>\n\t\t\t\t<a href='https:\/\/www.hodinovyhotelbrno.cz\/wp-content\/uploads\/2018\/01\/1975825_eb.jpg' title=\"\" data-rl_title=\"\" class=\"rl-gallery-link\" data-rl_caption=\"\" data-rel=\"lightbox-gallery-1\"><img loading=\"lazy\" decoding=\"async\" width=\"300\" height=\"200\" src=\"https:\/\/www.hodinovyhotelbrno.cz\/wp-content\/uploads\/2018\/01\/1975825_eb-300x200.jpg\" class=\"attachment-medium size-medium\" alt=\"\" srcset=\"https:\/\/www.hodinovyhotelbrno.cz\/wp-content\/uploads\/2018\/01\/1975825_eb-300x200.jpg 300w, https:\/\/www.hodinovyhotelbrno.cz\/wp-content\/uploads\/2018\/01\/1975825_eb-768x513.jpg 768w, https:\/\/www.hodinovyhotelbrno.cz\/wp-content\/uploads\/2018\/01\/1975825_eb.jpg 800w\" sizes=\"(max-width: 300px) 100vw, 300px\" \/><\/a>\n\t\t\t<\/dt><\/dl><dl class='gallery-item'>\n\t\t\t<dt class='gallery-icon landscape'>\n\t\t\t\t<a href='https:\/\/www.hodinovyhotelbrno.cz\/wp-content\/uploads\/2018\/01\/1983831_eb.jpg' title=\"\" data-rl_title=\"\" class=\"rl-gallery-link\" data-rl_caption=\"\" data-rel=\"lightbox-gallery-1\"><img loading=\"lazy\" decoding=\"async\" width=\"300\" height=\"200\" src=\"https:\/\/www.hodinovyhotelbrno.cz\/wp-content\/uploads\/2018\/01\/1983831_eb-300x200.jpg\" class=\"attachment-medium size-medium\" alt=\"\" srcset=\"https:\/\/www.hodinovyhotelbrno.cz\/wp-content\/uploads\/2018\/01\/1983831_eb-300x200.jpg 300w, https:\/\/www.hodinovyhotelbrno.cz\/wp-content\/uploads\/2018\/01\/1983831_eb-768x513.jpg 768w, https:\/\/www.hodinovyhotelbrno.cz\/wp-content\/uploads\/2018\/01\/1983831_eb.jpg 800w\" sizes=\"(max-width: 300px) 100vw, 300px\" \/><\/a>\n\t\t\t<\/dt><\/dl><dl class='gallery-item'>\n\t\t\t<dt class='gallery-icon landscape'>\n\t\t\t\t<a href='https:\/\/www.hodinovyhotelbrno.cz\/wp-content\/uploads\/2018\/01\/1983832_eb.jpg' title=\"\" data-rl_title=\"\" class=\"rl-gallery-link\" data-rl_caption=\"\" data-rel=\"lightbox-gallery-1\"><img loading=\"lazy\" decoding=\"async\" width=\"300\" height=\"200\" src=\"https:\/\/www.hodinovyhotelbrno.cz\/wp-content\/uploads\/2018\/01\/1983832_eb-300x200.jpg\" class=\"attachment-medium size-medium\" alt=\"\" srcset=\"https:\/\/www.hodinovyhotelbrno.cz\/wp-content\/uploads\/2018\/01\/1983832_eb-300x200.jpg 300w, https:\/\/www.hodinovyhotelbrno.cz\/wp-content\/uploads\/2018\/01\/1983832_eb-768x513.jpg 768w, https:\/\/www.hodinovyhotelbrno.cz\/wp-content\/uploads\/2018\/01\/1983832_eb.jpg 800w\" sizes=\"(max-width: 300px) 100vw, 300px\" \/><\/a>\n\t\t\t<\/dt><\/dl><br style=\"clear: both\" \/>\n\t\t<\/div>\n\n<h2>Doppelzimmer \u201eLAA NATURA\u201c<\/h2>\n\n\t\t<style type=\"text\/css\">\n\t\t\t#gallery-2 {\n\t\t\t\tmargin: auto;\n\t\t\t}\n\t\t\t#gallery-2 .gallery-item {\n\t\t\t\tfloat: left;\n\t\t\t\tmargin-top: 10px;\n\t\t\t\ttext-align: center;\n\t\t\t\twidth: 33%;\n\t\t\t}\n\t\t\t#gallery-2 img {\n\t\t\t\tborder: 2px solid #cfcfcf;\n\t\t\t}\n\t\t\t#gallery-2 .gallery-caption {\n\t\t\t\tmargin-left: 0;\n\t\t\t}\n\t\t\t\/* see gallery_shortcode() in wp-includes\/media.php *\/\n\t\t<\/style>\n\t\t<div id='gallery-2' class='gallery galleryid-72 gallery-columns-3 gallery-size-medium'><dl class='gallery-item'>\n\t\t\t<dt class='gallery-icon landscape'>\n\t\t\t\t<a href='https:\/\/www.hodinovyhotelbrno.cz\/wp-content\/uploads\/2018\/01\/1983835_eb.jpg' title=\"\" data-rl_title=\"\" class=\"rl-gallery-link\" data-rl_caption=\"\" data-rel=\"lightbox-gallery-2\"><img loading=\"lazy\" decoding=\"async\" width=\"300\" height=\"200\" src=\"https:\/\/www.hodinovyhotelbrno.cz\/wp-content\/uploads\/2018\/01\/1983835_eb-300x200.jpg\" class=\"attachment-medium size-medium\" alt=\"\" srcset=\"https:\/\/www.hodinovyhotelbrno.cz\/wp-content\/uploads\/2018\/01\/1983835_eb-300x200.jpg 300w, https:\/\/www.hodinovyhotelbrno.cz\/wp-content\/uploads\/2018\/01\/1983835_eb-768x513.jpg 768w, https:\/\/www.hodinovyhotelbrno.cz\/wp-content\/uploads\/2018\/01\/1983835_eb.jpg 800w\" sizes=\"(max-width: 300px) 100vw, 300px\" \/><\/a>\n\t\t\t<\/dt><\/dl><dl class='gallery-item'>\n\t\t\t<dt class='gallery-icon landscape'>\n\t\t\t\t<a href='https:\/\/www.hodinovyhotelbrno.cz\/wp-content\/uploads\/2018\/01\/1983836_eb.jpg' title=\"\" data-rl_title=\"\" class=\"rl-gallery-link\" data-rl_caption=\"\" data-rel=\"lightbox-gallery-2\"><img loading=\"lazy\" decoding=\"async\" width=\"300\" height=\"200\" src=\"https:\/\/www.hodinovyhotelbrno.cz\/wp-content\/uploads\/2018\/01\/1983836_eb-300x200.jpg\" class=\"attachment-medium size-medium\" alt=\"\" srcset=\"https:\/\/www.hodinovyhotelbrno.cz\/wp-content\/uploads\/2018\/01\/1983836_eb-300x200.jpg 300w, https:\/\/www.hodinovyhotelbrno.cz\/wp-content\/uploads\/2018\/01\/1983836_eb-768x513.jpg 768w, https:\/\/www.hodinovyhotelbrno.cz\/wp-content\/uploads\/2018\/01\/1983836_eb.jpg 800w\" sizes=\"(max-width: 300px) 100vw, 300px\" \/><\/a>\n\t\t\t<\/dt><\/dl><dl class='gallery-item'>\n\t\t\t<dt class='gallery-icon landscape'>\n\t\t\t\t<a href='https:\/\/www.hodinovyhotelbrno.cz\/wp-content\/uploads\/2018\/01\/1983837_eb.jpg' title=\"\" data-rl_title=\"\" class=\"rl-gallery-link\" data-rl_caption=\"\" data-rel=\"lightbox-gallery-2\"><img loading=\"lazy\" decoding=\"async\" width=\"300\" height=\"200\" src=\"https:\/\/www.hodinovyhotelbrno.cz\/wp-content\/uploads\/2018\/01\/1983837_eb-300x200.jpg\" class=\"attachment-medium size-medium\" alt=\"\" srcset=\"https:\/\/www.hodinovyhotelbrno.cz\/wp-content\/uploads\/2018\/01\/1983837_eb-300x200.jpg 300w, https:\/\/www.hodinovyhotelbrno.cz\/wp-content\/uploads\/2018\/01\/1983837_eb-768x513.jpg 768w, https:\/\/www.hodinovyhotelbrno.cz\/wp-content\/uploads\/2018\/01\/1983837_eb.jpg 800w\" sizes=\"(max-width: 300px) 100vw, 300px\" \/><\/a>\n\t\t\t<\/dt><\/dl><br style=\"clear: both\" \/>\n\t\t<\/div>\n\n<h2>Superior-Zimmer<\/h2>\n\n\t\t<style type=\"text\/css\">\n\t\t\t#gallery-3 {\n\t\t\t\tmargin: auto;\n\t\t\t}\n\t\t\t#gallery-3 .gallery-item {\n\t\t\t\tfloat: left;\n\t\t\t\tmargin-top: 10px;\n\t\t\t\ttext-align: center;\n\t\t\t\twidth: 33%;\n\t\t\t}\n\t\t\t#gallery-3 img {\n\t\t\t\tborder: 2px solid #cfcfcf;\n\t\t\t}\n\t\t\t#gallery-3 .gallery-caption {\n\t\t\t\tmargin-left: 0;\n\t\t\t}\n\t\t\t\/* see gallery_shortcode() in wp-includes\/media.php *\/\n\t\t<\/style>\n\t\t<div id='gallery-3' class='gallery galleryid-72 gallery-columns-3 gallery-size-medium'><dl class='gallery-item'>\n\t\t\t<dt class='gallery-icon landscape'>\n\t\t\t\t<a href='https:\/\/www.hodinovyhotelbrno.cz\/wp-content\/uploads\/2018\/01\/1975739_eb.jpg' title=\"\" data-rl_title=\"\" class=\"rl-gallery-link\" data-rl_caption=\"\" data-rel=\"lightbox-gallery-3\"><img loading=\"lazy\" decoding=\"async\" width=\"300\" height=\"200\" src=\"https:\/\/www.hodinovyhotelbrno.cz\/wp-content\/uploads\/2018\/01\/1975739_eb-300x200.jpg\" class=\"attachment-medium size-medium\" alt=\"\" srcset=\"https:\/\/www.hodinovyhotelbrno.cz\/wp-content\/uploads\/2018\/01\/1975739_eb-300x200.jpg 300w, https:\/\/www.hodinovyhotelbrno.cz\/wp-content\/uploads\/2018\/01\/1975739_eb-768x513.jpg 768w, https:\/\/www.hodinovyhotelbrno.cz\/wp-content\/uploads\/2018\/01\/1975739_eb.jpg 800w\" sizes=\"(max-width: 300px) 100vw, 300px\" \/><\/a>\n\t\t\t<\/dt><\/dl><dl class='gallery-item'>\n\t\t\t<dt class='gallery-icon landscape'>\n\t\t\t\t<a href='https:\/\/www.hodinovyhotelbrno.cz\/wp-content\/uploads\/2018\/01\/1975740_eb.jpg' title=\"\" data-rl_title=\"\" class=\"rl-gallery-link\" data-rl_caption=\"\" data-rel=\"lightbox-gallery-3\"><img loading=\"lazy\" decoding=\"async\" width=\"300\" height=\"200\" src=\"https:\/\/www.hodinovyhotelbrno.cz\/wp-content\/uploads\/2018\/01\/1975740_eb-300x200.jpg\" class=\"attachment-medium size-medium\" alt=\"\" srcset=\"https:\/\/www.hodinovyhotelbrno.cz\/wp-content\/uploads\/2018\/01\/1975740_eb-300x200.jpg 300w, https:\/\/www.hodinovyhotelbrno.cz\/wp-content\/uploads\/2018\/01\/1975740_eb-768x513.jpg 768w, https:\/\/www.hodinovyhotelbrno.cz\/wp-content\/uploads\/2018\/01\/1975740_eb.jpg 800w\" sizes=\"(max-width: 300px) 100vw, 300px\" \/><\/a>\n\t\t\t<\/dt><\/dl><dl class='gallery-item'>\n\t\t\t<dt class='gallery-icon landscape'>\n\t\t\t\t<a href='https:\/\/www.hodinovyhotelbrno.cz\/wp-content\/uploads\/2018\/01\/1975741_eb.jpg' title=\"\" data-rl_title=\"\" class=\"rl-gallery-link\" data-rl_caption=\"\" data-rel=\"lightbox-gallery-3\"><img loading=\"lazy\" decoding=\"async\" width=\"300\" height=\"200\" src=\"https:\/\/www.hodinovyhotelbrno.cz\/wp-content\/uploads\/2018\/01\/1975741_eb-300x200.jpg\" class=\"attachment-medium size-medium\" alt=\"\" srcset=\"https:\/\/www.hodinovyhotelbrno.cz\/wp-content\/uploads\/2018\/01\/1975741_eb-300x200.jpg 300w, https:\/\/www.hodinovyhotelbrno.cz\/wp-content\/uploads\/2018\/01\/1975741_eb-768x513.jpg 768w, https:\/\/www.hodinovyhotelbrno.cz\/wp-content\/uploads\/2018\/01\/1975741_eb.jpg 800w\" sizes=\"(max-width: 300px) 100vw, 300px\" \/><\/a>\n\t\t\t<\/dt><\/dl><br style=\"clear: both\" \/>\n\t\t<\/div>\n\n<h2>Familienzimmer<\/h2>\n\n\t\t<style type=\"text\/css\">\n\t\t\t#gallery-4 {\n\t\t\t\tmargin: auto;\n\t\t\t}\n\t\t\t#gallery-4 .gallery-item {\n\t\t\t\tfloat: left;\n\t\t\t\tmargin-top: 10px;\n\t\t\t\ttext-align: center;\n\t\t\t\twidth: 33%;\n\t\t\t}\n\t\t\t#gallery-4 img {\n\t\t\t\tborder: 2px solid #cfcfcf;\n\t\t\t}\n\t\t\t#gallery-4 .gallery-caption {\n\t\t\t\tmargin-left: 0;\n\t\t\t}\n\t\t\t\/* see gallery_shortcode() in wp-includes\/media.php *\/\n\t\t<\/style>\n\t\t<div id='gallery-4' class='gallery galleryid-72 gallery-columns-3 gallery-size-medium'><dl class='gallery-item'>\n\t\t\t<dt class='gallery-icon landscape'>\n\t\t\t\t<a href='https:\/\/www.hodinovyhotelbrno.cz\/wp-content\/uploads\/2018\/01\/1975786_eb.jpg' title=\"\" data-rl_title=\"\" class=\"rl-gallery-link\" data-rl_caption=\"\" data-rel=\"lightbox-gallery-4\"><img loading=\"lazy\" decoding=\"async\" width=\"300\" height=\"200\" src=\"https:\/\/www.hodinovyhotelbrno.cz\/wp-content\/uploads\/2018\/01\/1975786_eb-300x200.jpg\" class=\"attachment-medium size-medium\" alt=\"\" srcset=\"https:\/\/www.hodinovyhotelbrno.cz\/wp-content\/uploads\/2018\/01\/1975786_eb-300x200.jpg 300w, https:\/\/www.hodinovyhotelbrno.cz\/wp-content\/uploads\/2018\/01\/1975786_eb-768x513.jpg 768w, https:\/\/www.hodinovyhotelbrno.cz\/wp-content\/uploads\/2018\/01\/1975786_eb.jpg 800w\" sizes=\"(max-width: 300px) 100vw, 300px\" \/><\/a>\n\t\t\t<\/dt><\/dl><dl class='gallery-item'>\n\t\t\t<dt class='gallery-icon landscape'>\n\t\t\t\t<a href='https:\/\/www.hodinovyhotelbrno.cz\/wp-content\/uploads\/2018\/01\/1975787_eb.jpg' title=\"\" data-rl_title=\"\" class=\"rl-gallery-link\" data-rl_caption=\"\" data-rel=\"lightbox-gallery-4\"><img loading=\"lazy\" decoding=\"async\" width=\"300\" height=\"200\" src=\"https:\/\/www.hodinovyhotelbrno.cz\/wp-content\/uploads\/2018\/01\/1975787_eb-300x200.jpg\" class=\"attachment-medium size-medium\" alt=\"\" srcset=\"https:\/\/www.hodinovyhotelbrno.cz\/wp-content\/uploads\/2018\/01\/1975787_eb-300x200.jpg 300w, https:\/\/www.hodinovyhotelbrno.cz\/wp-content\/uploads\/2018\/01\/1975787_eb-768x513.jpg 768w, https:\/\/www.hodinovyhotelbrno.cz\/wp-content\/uploads\/2018\/01\/1975787_eb.jpg 800w\" sizes=\"(max-width: 300px) 100vw, 300px\" \/><\/a>\n\t\t\t<\/dt><\/dl><dl class='gallery-item'>\n\t\t\t<dt class='gallery-icon landscape'>\n\t\t\t\t<a href='https:\/\/www.hodinovyhotelbrno.cz\/wp-content\/uploads\/2018\/01\/1975788_eb.jpg' title=\"\" data-rl_title=\"\" class=\"rl-gallery-link\" data-rl_caption=\"\" data-rel=\"lightbox-gallery-4\"><img loading=\"lazy\" decoding=\"async\" width=\"300\" height=\"200\" src=\"https:\/\/www.hodinovyhotelbrno.cz\/wp-content\/uploads\/2018\/01\/1975788_eb-300x200.jpg\" class=\"attachment-medium size-medium\" alt=\"\" srcset=\"https:\/\/www.hodinovyhotelbrno.cz\/wp-content\/uploads\/2018\/01\/1975788_eb-300x200.jpg 300w, https:\/\/www.hodinovyhotelbrno.cz\/wp-content\/uploads\/2018\/01\/1975788_eb-768x513.jpg 768w, https:\/\/www.hodinovyhotelbrno.cz\/wp-content\/uploads\/2018\/01\/1975788_eb.jpg 800w\" sizes=\"(max-width: 300px) 100vw, 300px\" \/><\/a>\n\t\t\t<\/dt><\/dl><br style=\"clear: both\" \/>\n\t\t<\/div>\n\n","protected":false},"excerpt":{"rendered":"<p>In unserer neu errichteten und familiengef\u00fchrten Fr\u00fchst\u00fcckspension Laa Natura im Weinviertel finden Sie zehn gem\u00fctliche und modern ausgestattete Zimmer. Alle unsere Zimmer sind modern eingerichtet und mit einem Bad mit extra WC sowie Balkon\/Terrasse ausgestattet. Bestens ausgestattete Doppel- und Familienzimmer Wir bieten Ihnen neben sieben Doppelzimmern (25 m\u00b2), zwei Superior-Zimmern (25 m\u00b2)mit Whirlpool oder als&#8230;<\/p>\n","protected":false},"author":1,"featured_media":0,"parent":0,"menu_order":0,"comment_status":"closed","ping_status":"closed","template":"","meta":{"footnotes":""},"_links":{"self":[{"href":"https:\/\/www.hodinovyhotelbrno.cz\/de\/wp-json\/wp\/v2\/pages\/72"}],"collection":[{"href":"https:\/\/www.hodinovyhotelbrno.cz\/de\/wp-json\/wp\/v2\/pages"}],"about":[{"href":"https:\/\/www.hodinovyhotelbrno.cz\/de\/wp-json\/wp\/v2\/types\/page"}],"author":[{"embeddable":true,"href":"https:\/\/www.hodinovyhotelbrno.cz\/de\/wp-json\/wp\/v2\/users\/1"}],"replies":[{"embeddable":true,"href":"https:\/\/www.hodinovyhotelbrno.cz\/de\/wp-json\/wp\/v2\/comments?post=72"}],"version-history":[{"count":2,"href":"https:\/\/www.hodinovyhotelbrno.cz\/de\/wp-json\/wp\/v2\/pages\/72\/revisions"}],"predecessor-version":[{"id":74,"href":"https:\/\/www.hodinovyhotelbrno.cz\/de\/wp-json\/wp\/v2\/pages\/72\/revisions\/74"}],"wp:attachment":[{"href":"https:\/\/www.hodinovyhotelbrno.cz\/de\/wp-json\/wp\/v2\/media?parent=72"}],"curies":[{"name":"wp","href":"https:\/\/api.w.org\/{rel}","templated":true}]}}