{"id":75,"date":"2018-01-05T10:54:12","date_gmt":"2018-01-05T10:54:12","guid":{"rendered":"http:\/\/rakousko.mh370.cz\/uvod\/"},"modified":"2018-01-22T10:15:42","modified_gmt":"2018-01-22T10:15:42","slug":"uvod","status":"publish","type":"page","link":"https:\/\/www.hodinovyhotelbrno.cz\/de\/","title":{"rendered":"Home"},"content":{"rendered":"<p>Wir hei\u00dfen Sie herzlich willkommen in unserer neuen Fr\u00fchst\u00fcckspension in Laa an der Thaya im Weinviertel! Besuchen Sie uns und finden Sie Erholung bei unserem vielf\u00e4ltigen Wellness-, Sport- und Ausflugsangebot!<\/p>\n<p>In unserer Pension stehen Ihnen insgesamt zehn neu errichtete Nichtraucherzimmer zur Verf\u00fcgung. Alle unsere Zimmer sind modern eingerichtet und mit einem Bad mit extra WC sowie Balkon\/Terrasse ausgestattet. In zwei unserer Doppelzimmer finden Sie einen Whirlpool, in allen anderen eine Badewanne mit Massagefunktion. F\u00fcr Familien ist unser gro\u00dfr\u00e4umiges 4-Bett-Zimmer ideal geeignet und eines unserer G\u00e4stezimmer ist vollkommen barrierefrei eingerichtet.<\/p>\n<p>Unsere Wellnesspension ist Ausgangsort f\u00fcr zahlreiche Aktivit\u00e4ten. Statten Sie der nahegelegenen Therme Laa einen Besuch ab oder nutzen Sie unsere Fahrrad- oder Wanderwege f\u00fcr einen erlebnisreichen Tag. Dar\u00fcber hinaus befinden sich viele interessante Ausflugsziele wie z.B. die Burgruine Staatz oder die Kellergassen in unserer unmittelbaren Umgebung.<\/p>\n<p>Wer schon mit allem fertig ist kann auch einfach die Zweisamkeit und Isolation der ruhigen Landschaft genie\u00dfen. Besonders attraktiv f\u00fcr G\u00e4ste die Ruhe und oder Leidenschaft suchen. Den Tag mit dem richtigen Fu\u00df aufstehen wollen und Ihren Partner in einer Tour zum l\u00e4cheln bringen ist ein t\u00e4glicher Segen und so wollen wir Ihnen einen Ort bieten in dem Sie das auch noch effektiver erzielen k\u00f6nnen. Ob \u00dcberraschung oder Planung, Sie werden zufrieden sein.<\/p>\n<p>Handy aus, den\/die Liebsten an der Hand nehmen, einchecken, genie\u00dfen und Ihrem Kurztrip, zur inneren Mitte, steht nichts mehr im Weg.<\/p>\n<p>F\u00fcr Genie\u00dfer k\u00f6nnen wir noch unsere umliegenden Gasth\u00e4user empfehlen. Es ist f\u00fcr jeden was dabei, ob Restaurant, Vinothek oder einfacher Zustelldienst.\u00a0Kein Verkehrschaos, kein Radau, lediglich ein ruhiges und friedliches \u00d6sterreich wie man es auf Postkarten sieht.\u00a0Erleben Sie Nieder\u00f6sterreich. Erleben Sie Laa Natura.<\/p>\n<p>&nbsp;<\/p>\n","protected":false},"excerpt":{"rendered":"<p>Wir hei\u00dfen Sie herzlich willkommen in unserer neuen Fr\u00fchst\u00fcckspension in Laa an der Thaya im Weinviertel! Besuchen Sie uns und finden Sie Erholung bei unserem vielf\u00e4ltigen Wellness-, Sport- und Ausflugsangebot! In unserer Pension stehen Ihnen insgesamt zehn neu errichtete Nichtraucherzimmer zur Verf\u00fcgung. Alle unsere Zimmer sind modern eingerichtet und mit einem Bad mit extra WC&#8230;<\/p>\n","protected":false},"author":1,"featured_media":0,"parent":0,"menu_order":0,"comment_status":"closed","ping_status":"closed","template":"template-homepage.php","meta":{"footnotes":""},"_links":{"self":[{"href":"https:\/\/www.hodinovyhotelbrno.cz\/de\/wp-json\/wp\/v2\/pages\/75"}],"collection":[{"href":"https:\/\/www.hodinovyhotelbrno.cz\/de\/wp-json\/wp\/v2\/pages"}],"about":[{"href":"https:\/\/www.hodinovyhotelbrno.cz\/de\/wp-json\/wp\/v2\/types\/page"}],"author":[{"embeddable":true,"href":"https:\/\/www.hodinovyhotelbrno.cz\/de\/wp-json\/wp\/v2\/users\/1"}],"replies":[{"embeddable":true,"href":"https:\/\/www.hodinovyhotelbrno.cz\/de\/wp-json\/wp\/v2\/comments?post=75"}],"version-history":[{"count":6,"href":"https:\/\/www.hodinovyhotelbrno.cz\/de\/wp-json\/wp\/v2\/pages\/75\/revisions"}],"predecessor-version":[{"id":86,"href":"https:\/\/www.hodinovyhotelbrno.cz\/de\/wp-json\/wp\/v2\/pages\/75\/revisions\/86"}],"wp:attachment":[{"href":"https:\/\/www.hodinovyhotelbrno.cz\/de\/wp-json\/wp\/v2\/media?parent=75"}],"curies":[{"name":"wp","href":"https:\/\/api.w.org\/{rel}","templated":true}]}}